{"id":23,"date":"2024-02-18T16:54:35","date_gmt":"2024-02-18T19:54:35","guid":{"rendered":"http:\/\/karentangerino.com\/?page_id=23"},"modified":"2024-02-18T16:54:35","modified_gmt":"2024-02-18T19:54:35","slug":"home","status":"publish","type":"page","link":"https:\/\/karentangerino.com\/","title":{"rendered":"Home"},"content":{"rendered":"<section class=\"hts-section hts-hero\">\n    <div class=\"hts-hero-spacer\"><\/div>\n    <div class=\"hts-hero-content\">\n        <div class=\"hts-hero-image\">\n            <img decoding=\"async\" src=\"https:\/\/images.unsplash.com\/photo-1505664194779-8beaceb93744?crop=entropy\" alt=\"background\" \/>\n        <\/div>\n        <div class=\"hts-hero-block\">\n            <div class=\"hts-hero-body\">\n                <div class=\"hts-hero-details\">\n                    <div>\n                        <h1>Advocacia de excel\u00eancia<\/h1>\n                        <p>Somos uma empresa de advocacia comprometida em oferecer servi\u00e7os jur\u00eddicos de qualidade, com \u00e9tica e efici\u00eancia. Nossa equipe altamente qualificada est\u00e1 pronta para atender \u00e0s suas necessidades legais.<\/p>\n                        <a href=\"https:\/\/karentangerino.com\/?page_id=13\" class=\"btn primary\" >Read more<\/a>\n                    <\/div>\n                    <div class=\"hts-hero-body-image\">\n                        <img decoding=\"async\" src=\"https:\/\/images.unsplash.com\/photo-1505664194779-8beaceb93744?crop=entropy\" alt=\"background\" \/>\n                    <\/div>\n                    <div class=\"hts-hero-footer\">\n                        <div class=\"hts-social\">\n                                                                                                                                        <\/div>\n                        <p class=\"hts-title\">Solu\u00e7\u00f5es jur\u00eddicas personalizadas para voc\u00ea<\/p>\n                    <\/div>\n                <\/div>\n            <\/div>\n        <\/div>\n    <\/div>\n<\/section><section class=\"hts-section hts-no-border hts-posts hts-featured-post-wrapper\">\n    <div>\n                <div class=\"hts-posts-header\">\n            <h2 class=\"hts-title\">Featured post<\/h2>\n        <\/div>\n                <div class=\"hts-featured-post\">\n            <!-- Post -->\n            <div class=\"hts-post\">\n                <div class=\"hts-image-wrapper\">\n                                        <a href=\"https:\/\/karentangerino.com\/?p=28\" class=\"hts-featured-post-link\">\n                        <img decoding=\"async\" src=\"https:\/\/karentangerino.com\/wp-content\/themes\/hostinger-blog\/build\/images\/placeholder.jpg\"\n                            alt=\"featured\">\n                    <\/a>\n                                                        <\/div>\n                <div class=\"hts-post-details\">\n                    <div class=\"hts-posts-body-header\">\n                        <h2 class=\"hts-title\">Featured post<\/h2>\n                    <\/div>\n                    <div class=\"hts-capsules\">\n                                                                                                                        <a href=\"https:\/\/karentangerino.com\/?cat=1\">\n                            <div>Blog<\/div>\n                        <\/a>\n                                                                                            <\/div>\n                                        <a href=\"https:\/\/karentangerino.com\/?p=28\">\n                        <h3 class=\"hts-title\">Empresa de Advocacia: Servi\u00e7os Jur\u00eddicos Especializados<\/h3>\n                    <\/a>\n                                                            <p class=\"small\">February 18, 2024 | by karentangerino.com<\/p>\n                                    <\/div>\n            <\/div>\n        <\/div>\n    <\/div>\n<\/section><section class=\"hts-section hts-posts\">\n    <hr class=\"full\">\n    <div>\n        <div class=\"hts-posts-header\">\n            <h2 class=\"hts-title\">Latest posts<\/h2>\n            <a href=\"https:\/\/karentangerino.com\/?page_id=16\" class=\"hts-posts-action\">\n                <p>View all<\/p>\n                <img decoding=\"async\" src=\"https:\/\/karentangerino.com\/wp-content\/themes\/hostinger-blog\/build\/images\/icon-arrow-right.svg\" alt=\"view all\">\n            <\/a>\n        <\/div>\n        <div class=\"hts-posts-list\">\n                        <div class=\"hts-post hts-large\">\n                                <div class=\"hts-image-wrapper\">\n                                        <a href=\"https:\/\/karentangerino.com\/?p=28\" class=\"hts-featured-post-link\">\n                        <img decoding=\"async\" src=\"https:\/\/karentangerino.com\/wp-content\/themes\/hostinger-blog\/build\/images\/placeholder2.jpg\"\n                            alt=\"featured\">\n                    <\/a>\n                                                        <\/div>\n                <div class=\"hts-post-details\">\n                    <div class=\"hts-capsules\">\n                                                                                                                        <a href=\"https:\/\/karentangerino.com\/?cat=1\">\n                            <div>Blog<\/div>\n                        <\/a>\n                                                                                            <\/div>\n                    <a href=\"https:\/\/karentangerino.com\/?p=28\">\n                        <h3 class=\"hts-title\">Empresa de Advocacia: Servi\u00e7os Jur\u00eddicos Especializados<\/h3>\n                    <\/a>\n                                        <p class=\"small\">February 18, 2024 | by karentangerino.com<\/p>\n                                    <\/div>\n            <\/div>\n                        <div class=\"hts-post \">\n                                <div class=\"hts-image-wrapper\">\n                                        <a href=\"https:\/\/karentangerino.com\/?p=26\" class=\"hts-featured-post-link\">\n                        <img decoding=\"async\" src=\"https:\/\/images.unsplash.com\/photo-1632318676766-a64e84632e31?crop=entropy\" title=\"Photo by Raul Guilherme\" alt=\"a woman with long hair standing in front of a mirror\">                    <\/a>\n                                        <span class=\"hts-unsplash-data\">Photo by <a href=\"https:\/\/unsplash.com\/@raulguilhermeph?utm_source=hostinger&#038;utm_medium=referral\" rel=\"nofollow\">Raul Guilherme<\/a> on <a href=\"https:\/\/unsplash.com\/?utm_source=hostinger&#038;utm_medium=referral\" rel=\"nofollow\">Unsplash<\/a><\/span>                <\/div>\n                <div class=\"hts-post-details\">\n                    <div class=\"hts-capsules\">\n                                                                                                                        <a href=\"https:\/\/karentangerino.com\/?cat=1\">\n                            <div>Blog<\/div>\n                        <\/a>\n                                                                                            <\/div>\n                    <a href=\"https:\/\/karentangerino.com\/?p=26\">\n                        <h3 class=\"hts-title\">Como escolher uma empresa de advocacia confi\u00e1vel<\/h3>\n                    <\/a>\n                                        <p class=\"small\">February 18, 2024 | by karentangerino.com<\/p>\n                                    <\/div>\n            <\/div>\n                        <div class=\"hts-post \">\n                                <div class=\"hts-image-wrapper\">\n                                        <a href=\"https:\/\/karentangerino.com\/?p=11\" class=\"hts-featured-post-link\">\n                        <img decoding=\"async\" src=\"https:\/\/karentangerino.com\/wp-content\/themes\/hostinger-blog\/build\/images\/placeholder2.jpg\"\n                            alt=\"featured\">\n                    <\/a>\n                                                        <\/div>\n                <div class=\"hts-post-details\">\n                    <div class=\"hts-capsules\">\n                                                                                                                        <a href=\"https:\/\/karentangerino.com\/?cat=1\">\n                            <div>Blog<\/div>\n                        <\/a>\n                                                                                            <\/div>\n                    <a href=\"https:\/\/karentangerino.com\/?p=11\">\n                        <h3 class=\"hts-title\">Empresa de advocacia: servi\u00e7os jur\u00eddicos especializados para sua empresa<\/h3>\n                    <\/a>\n                                        <p class=\"small\">February 18, 2024 | by karentangerino.com<\/p>\n                                    <\/div>\n            <\/div>\n                        <div class=\"hts-post \">\n                                <div class=\"hts-image-wrapper\">\n                                        <a href=\"https:\/\/karentangerino.com\/?p=10\" class=\"hts-featured-post-link\">\n                        <img decoding=\"async\" src=\"https:\/\/karentangerino.com\/wp-content\/themes\/hostinger-blog\/build\/images\/placeholder2.jpg\"\n                            alt=\"featured\">\n                    <\/a>\n                                                        <\/div>\n                <div class=\"hts-post-details\">\n                    <div class=\"hts-capsules\">\n                                                                                                                        <a href=\"https:\/\/karentangerino.com\/?cat=1\">\n                            <div>Blog<\/div>\n                        <\/a>\n                                                                                            <\/div>\n                    <a href=\"https:\/\/karentangerino.com\/?p=10\">\n                        <h3 class=\"hts-title\">Empresa de Advocacia: Como escolher a melhor op\u00e7\u00e3o para suas necessidades legais<\/h3>\n                    <\/a>\n                                        <p class=\"small\">February 18, 2024 | by karentangerino.com<\/p>\n                                    <\/div>\n            <\/div>\n                        <div class=\"hts-post \">\n                                <div class=\"hts-image-wrapper\">\n                                        <a href=\"https:\/\/karentangerino.com\/?p=7\" class=\"hts-featured-post-link\">\n                        <img decoding=\"async\" src=\"https:\/\/images.unsplash.com\/photo-1598065412434-6544dc76f81f?crop=entropy\" title=\"Photo by Brian Garrity\" alt=\"green trees under white sky during daytime\">                    <\/a>\n                                        <span class=\"hts-unsplash-data\">Photo by <a href=\"https:\/\/unsplash.com\/@briangarrityphoto?utm_source=hostinger&#038;utm_medium=referral\" rel=\"nofollow\">Brian Garrity<\/a> on <a href=\"https:\/\/unsplash.com\/?utm_source=hostinger&#038;utm_medium=referral\" rel=\"nofollow\">Unsplash<\/a><\/span>                <\/div>\n                <div class=\"hts-post-details\">\n                    <div class=\"hts-capsules\">\n                                                                                                                        <a href=\"https:\/\/karentangerino.com\/?cat=1\">\n                            <div>Blog<\/div>\n                        <\/a>\n                                                                                            <\/div>\n                    <a href=\"https:\/\/karentangerino.com\/?p=7\">\n                        <h3 class=\"hts-title\">Empresa de Advocacia: Como escolher a melhor op\u00e7\u00e3o para suas necessidades legais<\/h3>\n                    <\/a>\n                                        <p class=\"small\">February 18, 2024 | by karentangerino.com<\/p>\n                                    <\/div>\n            <\/div>\n                        <div class=\"hts-post hts-large\">\n                                <div class=\"hts-image-wrapper\">\n                                        <a href=\"https:\/\/karentangerino.com\/?p=4\" class=\"hts-featured-post-link\">\n                        <img decoding=\"async\" src=\"https:\/\/images.unsplash.com\/photo-1598065412434-6544dc76f81f?crop=entropy\" title=\"Photo by Brian Garrity\" alt=\"green trees under white sky during daytime\">                    <\/a>\n                                        <span class=\"hts-unsplash-data\">Photo by <a href=\"https:\/\/unsplash.com\/@briangarrityphoto?utm_source=hostinger&#038;utm_medium=referral\" rel=\"nofollow\">Brian Garrity<\/a> on <a href=\"https:\/\/unsplash.com\/?utm_source=hostinger&#038;utm_medium=referral\" rel=\"nofollow\">Unsplash<\/a><\/span>                <\/div>\n                <div class=\"hts-post-details\">\n                    <div class=\"hts-capsules\">\n                                                                                                                        <a href=\"https:\/\/karentangerino.com\/?cat=1\">\n                            <div>Blog<\/div>\n                        <\/a>\n                                                                                            <\/div>\n                    <a href=\"https:\/\/karentangerino.com\/?p=4\">\n                        <h3 class=\"hts-title\">Como escolher uma empresa de advocacia confi\u00e1vel<\/h3>\n                    <\/a>\n                                        <p class=\"small\">February 18, 2024 | by karentangerino.com<\/p>\n                                    <\/div>\n            <\/div>\n                    <\/div>\n    <\/div>\n<\/section><section class=\"hts-section hts-newsletter\">\n\t<hr class=\"full\">\n\t<div class=\"wrapper\">\n\t<div>\n\t\t<h3 class=\"hts-title\">Newsletter<\/h3>\n\t\t<p>Subscribe to stay up-to-date with my latest creative projects, insights, and tips.<\/p>\n\t<\/div>\n\t<div class=\"hts-newsletter-block\">\n\t\t<form>\n\t\t\t<input type=\"hidden\" id=\"newsletter_nonce\" name=\"newsletter_nonce\" value=\"4ba7a48a5d\" \/><input type=\"hidden\" name=\"_wp_http_referer\" value=\"\/index.php?rest_route=%2Fwp%2Fv2%2Fpages%2F23\" \/>\t\t\t<label for=\"hts-newsletter-email\">Email<\/label>\n\t\t\t<input type=\"email\"\n\t\t\t       id=\"hts-newsletter-email\"\n\t\t\t       name=\"newsletter_email\"\n\t\t\t       placeholder=\"What\u2019s your email?\">\n\t\t\t<div class=\"validate-message\"><\/div>\n\t\t\t<div class=\"hts-privacy-agree\">\n\t\t\t\t<label class=\"hts-form-control\">\n\t\t\t\t<input type=\"checkbox\" id=\"privacy-policy-checkbox\" name=\"privacy_policy\" required>\n\t\t\t\t<\/label>\n\t\t\t\t<span>\n\t\t\t\t\tI consent to use of my email address for the purpose of receiving newsletters as described in <a href=\"\" target=\"_blank\">Privacy Policy<\/a>, which I have read. I may withdraw my consent at any time.\t\t\t\t<\/span>\n\t\t\t<\/div>\n\t\t\t<input type=\"submit\" class=\"btn primary\" value=\"Subscribe\"\/>\n\t\t<\/form>\n\t<\/div>\n\t<\/div>\n<\/section>","protected":false},"excerpt":{"rendered":"","protected":false},"author":1,"featured_media":0,"parent":0,"menu_order":0,"comment_status":"closed","ping_status":"closed","template":"","meta":{"om_disable_all_campaigns":false,"_monsterinsights_skip_tracking":false,"_monsterinsights_sitenote_active":false,"_monsterinsights_sitenote_note":"","_monsterinsights_sitenote_category":0,"footnotes":""},"aioseo_notices":[],"_links":{"self":[{"href":"https:\/\/karentangerino.com\/index.php?rest_route=\/wp\/v2\/pages\/23"}],"collection":[{"href":"https:\/\/karentangerino.com\/index.php?rest_route=\/wp\/v2\/pages"}],"about":[{"href":"https:\/\/karentangerino.com\/index.php?rest_route=\/wp\/v2\/types\/page"}],"author":[{"embeddable":true,"href":"https:\/\/karentangerino.com\/index.php?rest_route=\/wp\/v2\/users\/1"}],"replies":[{"embeddable":true,"href":"https:\/\/karentangerino.com\/index.php?rest_route=%2Fwp%2Fv2%2Fcomments&post=23"}],"version-history":[{"count":0,"href":"https:\/\/karentangerino.com\/index.php?rest_route=\/wp\/v2\/pages\/23\/revisions"}],"wp:attachment":[{"href":"https:\/\/karentangerino.com\/index.php?rest_route=%2Fwp%2Fv2%2Fmedia&parent=23"}],"curies":[{"name":"wp","href":"https:\/\/api.w.org\/{rel}","templated":true}]}}